{"id":681,"date":"2023-03-29T16:44:33","date_gmt":"2023-03-29T14:44:33","guid":{"rendered":"https:\/\/paumau.art\/datenschutzerklaerung\/"},"modified":"2026-02-08T02:17:29","modified_gmt":"2026-02-08T01:17:29","slug":"datenschutzerklaerung","status":"publish","type":"page","link":"https:\/\/paumau.art\/en\/datenschutzerklaerung\/","title":{"rendered":"privacy policy"},"content":{"rendered":"\n<h2 class=\"wp-block-heading\">Datenschutzerkl\u00e4rung<\/h2>\n\n\n\n<p>Die Adresse unserer Website ist: https:\/\/paumau.art.<\/p>\n\n\n\n<p>Der Schutz Deiner Privatsph\u00e4re ist uns ein wichtiges Anliegen. Deshalb m\u00f6chten wir Dich bitten, die nachfolgende Zusammenfassung \u00fcber die Funktionsweise unserer Website paumau.art aufmerksam zu lesen.<\/p>\n\n\n\n<p>Die hier aufgef\u00fchrte Datenschutzerkl\u00e4rung entspricht den Richtlinien der DSGVO und des BDSG. Sie soll \u00fcber die Art, den Zweck und die Verwendung personenbezogener Daten durch den Websitebetreiber informieren.<\/p>\n\n\n\n<p>Gleichwohl unsere Website mit verschieden Sicherheitsvorkehrungen ausgestattet ist, kann kein vollst\u00e4ndiger Schutz Deiner Daten gew\u00e4hrleistet werden, da Sicherheitsl\u00fccken im Internet nicht ausgeschlossen werden k\u00f6nnen. Solltest Du Anliegen bzgl. Deiner Daten haben, findest Du auf dieser Seite unsere Kontaktdaten.<\/p>\n\n\n\n<p>Es existieren keine Pluglns sozialer Netzwerke, die Daten an solche weiterleiten. Die Instagram-Bilder auf dieser Website werden auf unserem Server gehostet.<\/p>\n\n\n\n<h2 class=\"wp-block-heading\">Was wir sammeln und speichern<\/h2>\n\n\n\n<p>Wir sammeln Informationen \u00fcber Dich w\u00e4hrend des Bestellvorgangs in unserem Shop.<\/p>\n\n\n\n<p>W\u00e4hrend Du unsere Website besuchst, zeichnen wir auf:<\/p>\n\n\n\n<ul class=\"wp-block-list\">\n<li>Angesehene Produkte: Hier zeigen wir dir Produkte, die du vor Kurzem angesehen hast.<\/li>\n\n\n\n<li>Standort, IP-Adresse und Browser-Typ: Wir verwenden dies f\u00fcr Zwecke wie die Sch\u00e4tzung von Steuern und Versandkosten<\/li>\n\n\n\n<li>Versandadresse: Wir werden dich auffordern, diese anzugeben, um beispielsweise die Versandkosten bestimmen zu k\u00f6nnen, bevor du eine Bestellung aufgibst, und dir die Bestellung zusenden zu k\u00f6nnen.<\/li>\n<\/ul>\n\n\n\n<p>Wir nutzen auch Cookies, um den Inhalt deines Warenkorbs zu verfolgen, w\u00e4hrend du unsere Website besuchst.<\/p>\n\n\n\n<p>Wenn du bei uns einkaufst, werden wir dich auffordern, Informationen wie deinen Namen, deine Rechnungs- und Versandadresse, deine E-Mail-Adresse und deine Telefonnummer, Kreditkartendaten\/Zahlungsdetails sowie optionale Kontoinformationen wie Benutzername und Kennwort anzugeben. Wir nutzen diese Informationen f\u00fcr folgende Zwecke:<\/p>\n\n\n\n<ul class=\"wp-block-list\">\n<li>Zusenden von Informationen \u00fcber dein Konto und Bestellung<\/li>\n\n\n\n<li>Antwort auf deine Anfragen, inklusive Erstattungen und Beschwerden<\/li>\n\n\n\n<li>Bearbeitung von Zahlungsvorg\u00e4ngen und Verhinderung von Betrug<\/li>\n\n\n\n<li>Einhaltung aller rechtlichen Verpflichtungen, beispielsweise die Steuerberechnung<\/li>\n\n\n\n<li>Verbesserung unsere Shop-Angebote<\/li>\n\n\n\n<li>Senden von Marketing-Nachrichten, wenn du diese erhalten m\u00f6chtest<\/li>\n<\/ul>\n\n\n\n<p>Wenn du ein Konto bei uns erstellst, speichern wir deinen Namen, deine Adresse, deine E-Mail-Adresse und deine Telefonnummer. Diese Angaben werden bei k\u00fcnftigen Bestellungen zum Ausf\u00fcllen der Bezahlinformationen verwendet.<\/p>\n\n\n\n<p>Wir speichern Informationen \u00fcber dich \u00fcblicherweise so lange, wie wir sie f\u00fcr den Zweck der Erfassung und Nutzung ben\u00f6tigen und verpflichtet sind, sie zu speichern. Beispielsweise speichern wir Bestellinformationen f\u00fcr 10&nbsp;Jahre aus Steuer- und Abrechnungsgr\u00fcnden. Dazu geh\u00f6rt dein Name, deine E-Mail-Adresse sowie deine Rechnungs- und Versandadresse.<\/p>\n\n\n\n<p>Wir speichern auch Kommentare oder Bewertungen, wenn du dich dazu entscheidest diese zu hinterlassen.<\/p>\n\n\n\n<h2 class=\"wp-block-heading\">Wer aus unserem Team hat Zugang<\/h2>\n\n\n\n<p>Mitglieder unseres Teams haben Zugang zu den Informationen, die du uns zur Verf\u00fcgung stellst. Zum Beispiel k\u00f6nnen sowohl Administratoren als auch Shop-Manager auf Folgendes zugreifen:<\/p>\n\n\n\n<ul class=\"wp-block-list\">\n<li>Bestellinformationen wie gekaufte Produkte, der Zeitpunkt des Kaufs sowie die Versandadresse und<\/li>\n\n\n\n<li>Kundeninformationen wie dein Name, E-Mail-Adresse, sowie Rechnungs- und Versandinformationen.<\/li>\n<\/ul>\n\n\n\n<p>Unsere Teammitglieder haben Zugriff auf diese Informationen, um Bestellungen zu bearbeiten, R\u00fcckerstattungen vorzunehmen und Dich zu unterst\u00fctzen.<\/p>\n\n\n\n<h2 class=\"wp-block-heading\">Was wir mit anderen teilen<\/h2>\n\n\n\n<p>Wir teilen Informationen mit Dritten, die uns helfen, Ihnen unsere Bestellungen und Dienstleistungen anzubieten.&nbsp;<\/p>\n\n\n\n<h3 class=\"wp-block-heading\">Zahlungsdienstleister<\/h3>\n\n\n\n<p>Wir akzeptieren Zahlungen mit PayPal und Stripe. Bei der Zahlungsabwicklung werden einige deiner Daten an PayPal bzw. Stripe weitergegeben. Hierbei werden ausschlie\u00dflich erforderliche Informationen f\u00fcr die Verarbeitung oder Durchf\u00fchrung der Zahlung weitergegeben, diese umfassen:<\/p>\n\n\n\n<ul class=\"wp-block-list\">\n<li>Name<\/li>\n\n\n\n<li>Email<\/li>\n\n\n\n<li>Telefonnummer<\/li>\n\n\n\n<li>Adresse<\/li>\n\n\n\n<li>Unique payment identifier<\/li>\n\n\n\n<li>Payment provider identifier<\/li>\n<\/ul>\n\n\n\n<p>Hier kannst du dir die&nbsp;<a href=\"https:\/\/www.paypal.com\/us\/webapps\/mpp\/ua\/privacy-full\">PayPal Datenschutzerkl\u00e4rung<\/a>&nbsp;ansehen und hier findest du die&nbsp;<a href=\"https:\/\/stripe.com\/privacy\">Datenschutzerkl\u00e4rung f\u00fcr Stripe.<\/a><\/p>\n\n\n\n<h3 class=\"wp-block-heading\">Versandunternehmen<\/h3>\n\n\n\n<p>Um deine Bestellung zu versenden, werden folgenden Daten an Deutsche Post und DHL weitergegeben:<\/p>\n\n\n\n<ul class=\"wp-block-list\">\n<li>Name<\/li>\n\n\n\n<li>Adresse<\/li>\n\n\n\n<li>Ort\/Bundesland\/PLZ<\/li>\n\n\n\n<li>Land<\/li>\n\n\n\n<li>Telefonnummer<\/li>\n\n\n\n<li>Email<\/li>\n<\/ul>\n\n\n\n<h3 class=\"wp-block-heading\">Sicherheitsplugin<\/h3>\n\n\n\n<p>Wir verwenden Turnstile von Cloudflare, um sicherzustellen, dass Zugriffe von echten Personen erfolgen und Missbrauch zu verhindern [Art. 6 Abs. 1 lit. f DSGVO].<\/p>\n\n\n\n<p>Zur Funktionsweise k\u00f6nnen IP-Adresse, Nutzungs- und Ger\u00e4tesignale (z. B. Browser-Merkmale) geh\u00f6ren; je nach Einsatz k\u00f6nnen auch weitere Meta-Daten verarbeitet werden. Die Rechtsgrundlage daf\u00fcr ist berechtigtes Interesse an Missbrauchsschutz und Sicherheit unserer Dienste. Daten k\u00f6nnen an Cloudflare in den USA \u00fcbermittelt werden; Details zur Zweckbindung und etwaigen Austauschverzeichnissen finden Sie in der <a href=\"https:\/\/www.cloudflare.com\/de-de\/trust-hub\/privacy-and-data-protection\/\">Cloudflare-Datenschutzerkl\u00e4rung.<\/a><\/p>\n\n\n\n<h2 class=\"wp-block-heading\">Log-Dateien<\/h2>\n\n\n\n<p>Eine Logdatei wird im Zuge eines automatischen Protokolls des verarbeitenden Computersystems erstellt. Das bedeutet, dass Informationen betreffend Deines verwendeten Endger\u00e4tes als Logfiles auf einem Server festgehalten werden.<\/p>\n\n\n\n<p>Unser Seitenprovider protokolliert dabei:<\/p>\n\n\n\n<ul class=\"wp-block-list\">\n<li>Den Zugriff auf die Seite: Datum, Uhrzeit, H\u00e4ufigkeit<\/li>\n\n\n\n<li>Wie Du auf die Seite gelangt bist (vorherige Seite, Hyperlink etc.)<\/li>\n\n\n\n<li>Menge der gesendeten Daten<\/li>\n\n\n\n<li>Welchen Browser und welche Version desselben Du verwendest<\/li>\n\n\n\n<li>Deine IP-Adresse<\/li>\n<\/ul>\n\n\n\n<p>Wir d\u00fcrfen Server-Logfiles nur dann l\u00e4nger speichern, herausgeben oder nachtr\u00e4glich auf diese zugreifen, wenn dies im rechtlichen Rahmen gestattet ist (z.B. bei Verdacht auf rechtswidrige Aktivit\u00e4ten).<\/p>\n\n\n\n<h2 class=\"wp-block-heading\">Deine Rechte<\/h2>\n\n\n\n<p>Selbstverst\u00e4ndlich hast Du in Bezug auf die Erhebung Deiner Daten Rechte. Laut geltendem Gesetz sind wir dazu verpflichtet, Dich \u00fcber dieselben aufzukl\u00e4ren. Die Inanspruchnahme und Durchf\u00fchrung dieser Rechte ist f\u00fcr Dich kostenlos.<\/p>\n\n\n\n<p><strong>Widerrufsrecht<\/strong>: Du hast das Recht, Deine Einwilligung bzgl. der Erhebung von Daten jederzeit zu widerrufen. Dieses Recht gilt mit Wirkung f\u00fcr die Zukunft; die bis zur Rechtkraft des Widerrufs erhobenen Daten bleiben hiervon unber\u00fchrt.<\/p>\n\n\n\n<p><strong>Recht auf Daten\u00fcbertragbarkeit<\/strong>: Du hast das Recht, eine \u00dcbertragung Deiner Daten von uns auf eine andere Stelle zu beantragen.<\/p>\n\n\n\n<p><strong>Auskunftsrecht<\/strong>: Du hast das Recht, von uns eine Best\u00e4tigung zu verlangen, ob und wie wir personenbezogene Daten von Dir beziehen. Dieses Recht ist durch die vorliegende Datenschutzerkl\u00e4rung realisiert. Zus\u00e4tzlich kannst Du eine elektronische Auskunft anfordern.<\/p>\n\n\n\n<p><strong>Recht auf Berichtigung, L\u00f6schung oder Sperrung<\/strong>: Du hast das Recht, Deine Daten berichtigen, l\u00f6schen oder sperren zu lassen. Letzteres kommt zur Anwendung, wenn die gesetzliche Lage eine L\u00f6schung nicht zul\u00e4sst.<\/p>\n\n\n\n<p><strong>Beschwerderecht<\/strong>: Du hast das Recht, Dich bei einer Aufsichtsbeh\u00f6rde bzw. einer zust\u00e4ndigen Stelle zu beschweren, insofern Du einen Grund zur Beanstandung haben solltest.<\/p>\n\n\n\n<p>Solltest Du Fragen oder Beschwerden haben, wenden Dich bitte direkt an:<\/p>\n\n\n\n<h2 class=\"wp-block-heading\">Kontakt<\/h2>\n\n\n\n<p>Pauline Mauruschat<br>c\/o neo7<br>pieperstr. 42<br>44789 Bochum<\/p>\n\n\n\n<p><a href=\"mailto:contact@paumau.art\">contact@paumau.art<\/a><\/p>\n\n\n\n<p>tel.: +49 234 60144776<\/p>\n","protected":false},"excerpt":{"rendered":"<p>Datenschutzerkl\u00e4rung Die Adresse unserer Website ist: https:\/\/paumau.art. Der Schutz Deiner Privatsph\u00e4re ist uns ein wichtiges Anliegen. Deshalb m\u00f6chten wir Dich bitten, die nachfolgende Zusammenfassung \u00fcber&hellip;<\/p>","protected":false},"author":1,"featured_media":0,"parent":0,"menu_order":0,"comment_status":"closed","ping_status":"closed","template":"","meta":{"ngg_post_thumbnail":0,"footnotes":""},"class_list":["post-681","page","type-page","status-publish","hentry"],"jetpack_sharing_enabled":true,"_links":{"self":[{"href":"https:\/\/paumau.art\/en\/wp-json\/wp\/v2\/pages\/681","targetHints":{"allow":["GET"]}}],"collection":[{"href":"https:\/\/paumau.art\/en\/wp-json\/wp\/v2\/pages"}],"about":[{"href":"https:\/\/paumau.art\/en\/wp-json\/wp\/v2\/types\/page"}],"author":[{"embeddable":true,"href":"https:\/\/paumau.art\/en\/wp-json\/wp\/v2\/users\/1"}],"replies":[{"embeddable":true,"href":"https:\/\/paumau.art\/en\/wp-json\/wp\/v2\/comments?post=681"}],"version-history":[{"count":1,"href":"https:\/\/paumau.art\/en\/wp-json\/wp\/v2\/pages\/681\/revisions"}],"predecessor-version":[{"id":3036,"href":"https:\/\/paumau.art\/en\/wp-json\/wp\/v2\/pages\/681\/revisions\/3036"}],"wp:attachment":[{"href":"https:\/\/paumau.art\/en\/wp-json\/wp\/v2\/media?parent=681"}],"curies":[{"name":"wp","href":"https:\/\/api.w.org\/{rel}","templated":true}]}}